{"id":934,"date":"2022-11-22T16:28:29","date_gmt":"2022-11-22T15:28:29","guid":{"rendered":"https:\/\/wiedemeier.org\/?page_id=934"},"modified":"2023-01-18T16:58:11","modified_gmt":"2023-01-18T15:58:11","slug":"fsc","status":"publish","type":"page","link":"https:\/\/wiedemeier.org\/index.php\/fsc\/","title":{"rendered":"FSC"},"content":{"rendered":"<div data-colibri-id=\"934-c1\" class=\"style-855 style-local-934-c1 position-relative\">\n  <!---->\n  <div data-colibri-component=\"section\" data-colibri-id=\"934-c2\" id=\"custom\" class=\"h-section h-section-global-spacing d-flex align-items-lg-center align-items-md-center align-items-center style-856 style-local-934-c2 position-relative\">\n    <!---->\n    <!---->\n    <div class=\"h-section-grid-container h-section-boxed-container\">\n      <!---->\n      <div data-colibri-id=\"934-c3\" class=\"h-row-container gutters-row-lg-2 gutters-row-md-2 gutters-row-0 gutters-row-v-lg-2 gutters-row-v-md-2 gutters-row-v-2 style-862 style-local-934-c3 position-relative\">\n        <!---->\n        <div class=\"h-row justify-content-lg-center justify-content-md-center justify-content-center align-items-lg-stretch align-items-md-stretch align-items-stretch gutters-col-lg-2 gutters-col-md-2 gutters-col-0 gutters-col-v-lg-2 gutters-col-v-md-2 gutters-col-v-2\">\n          <!---->\n          <div class=\"h-column h-column-container d-flex h-col-lg-auto h-col-md-auto h-col-auto style-863-outer style-local-934-c4-outer\">\n            <div data-colibri-id=\"934-c4\" class=\"d-flex h-flex-basis h-column__inner h-px-lg-2 h-px-md-2 h-px-2 v-inner-lg-2 v-inner-md-2 v-inner-2 style-863 style-local-934-c4 position-relative\">\n              <!---->\n              <!---->\n              <div class=\"w-100 h-y-container h-column__content h-column__v-align flex-basis-100 align-self-lg-start align-self-md-start align-self-start\">\n                <!---->\n                <div data-colibri-id=\"934-c5\" class=\"h-global-transition-all h-heading style-864 style-local-934-c5 position-relative h-element\">\n                  <!---->\n                  <div class=\"h-heading__outer style-864 style-local-934-c5\">\n                    <!---->\n                    <!---->\n                    <h2 class=\"\"><span style=\"color: rgb(2, 184, 15);\">\ufeff<\/span><span style=\"color: rgb(0, 63, 7);\">\ufeff<\/span><span style=\"color: rgb(0, 69, 7);\">\ufeff<\/span><span style=\"color: rgb(0, 63, 0);\">FSC &#8211; W\u00e4lder f\u00fcr Immer<\/span> <span style=\"color: rgb(0, 63, 0);\">&#8211;<\/span>\n                      <span\n                        style=\"color: rgb(1, 4, 1);\"> <\/span><span style=\"color: rgb(2, 176, 2);\"><span class=\"fancy-title-headline d-inline-flex\"><span class=\"text-wrapper-fancy\"><span class=\"text-animation-fancy\">F\u00fcr Alle<\/span>\n                        <svg xmlns=\"http:\/\/www.w3.org\/2000\/svg\" viewBox=\"0 0 500 150\"\n                          preserveAspectRatio=\"none\">\n                          <path d=\"M7.7,145.6C109,125,299.9,116.2,401,121.3c42.1,2.2,87.6,11.8,87.3,25.7\"><\/path>\n                        <\/svg>\n                        <\/span>\n                        <\/span> !<\/span>\n                    <\/h2>\n                  <\/div>\n                <\/div>\n              <\/div>\n            <\/div>\n          <\/div>\n        <\/div>\n      <\/div>\n      <div data-colibri-id=\"934-c6\" class=\"h-row-container gutters-row-lg-2 gutters-row-md-2 gutters-row-0 gutters-row-v-lg-2 gutters-row-v-md-2 gutters-row-v-2 style-857 style-local-934-c6 position-relative\">\n        <!---->\n        <div class=\"h-row justify-content-lg-center justify-content-md-center justify-content-center align-items-lg-stretch align-items-md-stretch align-items-stretch gutters-col-lg-2 gutters-col-md-2 gutters-col-0 gutters-col-v-lg-2 gutters-col-v-md-2 gutters-col-v-2\">\n          <!---->\n          <div class=\"h-column h-column-container d-flex h-col-lg-auto h-col-md-auto h-col-auto style-858-outer style-local-934-c7-outer\">\n            <div data-colibri-id=\"934-c7\" class=\"d-flex h-flex-basis h-column__inner h-px-lg-2 h-px-md-2 h-px-2 v-inner-lg-2 v-inner-md-2 v-inner-2 style-858 style-local-934-c7 position-relative\">\n              <!---->\n              <!---->\n              <div class=\"w-100 h-y-container h-column__content h-column__v-align flex-basis-100 align-self-lg-start align-self-md-start align-self-start\">\n                <!---->\n                <div data-colibri-id=\"934-c8\" class=\"d-block style-880 style-local-934-c8 position-relative h-element\">\n                  <!---->\n                  <div class=\"h-image__frame-container-outer\">\n                    <div class=\"h-image__frame-container\">\n                      <!---->\n                      <!---->\n                      <img loading=\"lazy\" decoding=\"async\" width=\"1320\" height=\"489\" src=\"https:\/\/wiedemeier.org\/wp-content\/uploads\/2022\/10\/FSCbaNjdJ.jpeg\" class=\"wp-image-768 style-880-image style-local-934-c8-image\" alt=\"\" srcset=\"https:\/\/wiedemeier.org\/wp-content\/uploads\/2022\/10\/FSCbaNjdJ.jpeg 1320w, https:\/\/wiedemeier.org\/wp-content\/uploads\/2022\/10\/FSCbaNjdJ-300x111.jpeg 300w, https:\/\/wiedemeier.org\/wp-content\/uploads\/2022\/10\/FSCbaNjdJ-1024x379.jpeg 1024w, https:\/\/wiedemeier.org\/wp-content\/uploads\/2022\/10\/FSCbaNjdJ-768x285.jpeg 768w\" sizes=\"auto, (max-width: 1320px) 100vw, 1320px\" \/>\n                      <div class=\"h-image__frame h-hide-lg h-hide-md h-hide-sm style-880-frameImage style-local-934-c8-frameImage\"><\/div>\n                    <\/div>\n                  <\/div>\n                <\/div>\n                <div data-colibri-id=\"934-c9\" class=\"h-text h-text-component style-860 style-local-934-c9 position-relative h-element\">\n                  <!---->\n                  <!---->\n                  <div class=\"\">\n                    <p>Das Siegel FSC kennzeichnet Produkte, die mit Holz aus nachhaltiger Waldwirtschaft hergestellt wurden. Eine FSC Zertifizierung best\u00e4tigt bespielweise soziale und \u00f6kologische Kriterien und erf\u00fcllt die Anforderungen des internationalen\n                      FSC \u2013 Standards.<\/p>\n                    <p>Damit auf dem Endprodukt das FSC \u2013 Siegel erscheinen darf, m\u00fcssen alle Stationen der Produktkette, beim Forstbetrieb beginnend bis zum letzten Verarbeitungsschritt, nach FSC \u2013 Standards zertifiziert sein. Von FSC akkreditierte Zertifizierungsfirmen\n                      stellen regelm\u00e4\u00dfig sicher, dass alle zertifizierten Betriebe die Anforderungen der entsprechenden FSC- Standards erf\u00fcllen.<\/p>\n                  <\/div>\n                <\/div>\n              <\/div>\n            <\/div>\n          <\/div>\n          <div class=\"h-column h-column-container d-flex h-col-lg-auto h-col-md-auto h-col-auto style-859-outer style-local-934-c10-outer\">\n            <div data-colibri-id=\"934-c10\" class=\"d-flex h-flex-basis h-column__inner h-px-lg-2 h-px-md-2 h-px-2 v-inner-lg-2 v-inner-md-2 v-inner-2 style-859 style-local-934-c10 position-relative\">\n              <!---->\n              <!---->\n              <div class=\"w-100 h-y-container h-column__content h-column__v-align flex-basis-100 align-self-lg-start align-self-md-start align-self-start\">\n                <!---->\n                <div data-colibri-id=\"934-c11\" class=\"style-881 style-local-934-c11 position-relative h-element\">\n                  <!---->\n                <\/div>\n                <div data-colibri-id=\"934-c12\" class=\"style-882 style-local-934-c12 position-relative h-element\">\n                  <!---->\n                <\/div>\n                <div data-colibri-id=\"934-c13\" class=\"d-block style-861 style-local-934-c13 position-relative h-element\">\n                  <!---->\n                  <div class=\"h-image__frame-container-outer\">\n                    <div class=\"h-image__frame-container\">\n                      <!---->\n                      <!---->\n                      <img loading=\"lazy\" decoding=\"async\" width=\"1920\" height=\"1280\" src=\"https:\/\/wiedemeier.org\/wp-content\/uploads\/2022\/11\/path-g0dfbc6fba_1920-1.jpg\" class=\"wp-image-944 style-861-image style-local-934-c13-image\" alt=\"\" srcset=\"https:\/\/wiedemeier.org\/wp-content\/uploads\/2022\/11\/path-g0dfbc6fba_1920-1.jpg 1920w, https:\/\/wiedemeier.org\/wp-content\/uploads\/2022\/11\/path-g0dfbc6fba_1920-1-300x200.jpg 300w, https:\/\/wiedemeier.org\/wp-content\/uploads\/2022\/11\/path-g0dfbc6fba_1920-1-1024x683.jpg 1024w, https:\/\/wiedemeier.org\/wp-content\/uploads\/2022\/11\/path-g0dfbc6fba_1920-1-768x512.jpg 768w, https:\/\/wiedemeier.org\/wp-content\/uploads\/2022\/11\/path-g0dfbc6fba_1920-1-1536x1024.jpg 1536w\" sizes=\"auto, (max-width: 1920px) 100vw, 1920px\" \/>\n                      <div class=\"h-image__frame h-hide-lg h-hide-md h-hide-sm style-861-frameImage style-local-934-c13-frameImage\"><\/div>\n                    <\/div>\n                  <\/div>\n                <\/div>\n              <\/div>\n            <\/div>\n          <\/div>\n        <\/div>\n      <\/div>\n      <div data-colibri-id=\"934-c14\" class=\"h-row-container gutters-row-lg-2 gutters-row-md-2 gutters-row-0 gutters-row-v-lg-2 gutters-row-v-md-2 gutters-row-v-2 style-865 style-local-934-c14 position-relative\">\n        <!---->\n        <div class=\"h-row justify-content-lg-center justify-content-md-center justify-content-center align-items-lg-stretch align-items-md-stretch align-items-stretch gutters-col-lg-2 gutters-col-md-2 gutters-col-0 gutters-col-v-lg-2 gutters-col-v-md-2 gutters-col-v-2\">\n          <!---->\n          <div class=\"h-column h-column-container d-flex h-col-lg-auto h-col-md-auto h-col-auto style-866-outer style-local-934-c15-outer\">\n            <div data-colibri-id=\"934-c15\" class=\"d-flex h-flex-basis h-column__inner h-px-lg-2 h-px-md-2 h-px-2 v-inner-lg-2 v-inner-md-2 v-inner-2 style-866 style-local-934-c15 position-relative\">\n              <!---->\n              <!---->\n              <div class=\"w-100 h-y-container h-column__content h-column__v-align flex-basis-100 align-self-lg-start align-self-md-start align-self-start\">\n                <!---->\n                <div data-colibri-id=\"934-c16\" class=\"h-x-container style-867 style-local-934-c16 position-relative h-element\">\n                  <!---->\n                  <div class=\"h-x-container-inner style-dynamic-934-c16-group style-867-spacing style-local-934-c16-spacing\"><span class=\"h-button__outer style-868-outer style-local-934-c17-outer d-inline-flex h-element\"><a h-use-smooth-scroll=\"true\" href=\"https:\/\/www.fsc-deutschland.de\/\"  data-colibri-id=\"934-c17\" class=\"d-flex w-100 align-items-center h-button justify-content-lg-center justify-content-md-center justify-content-center style-868 style-local-934-c17 position-relative\"><!----><!----> <span>Erfahre Mehr zu FSC-Deutschland<\/span><\/a>\n                    <\/span>\n                  <\/div>\n                <\/div>\n              <\/div>\n            <\/div>\n          <\/div>\n        <\/div>\n      <\/div>\n    <\/div>\n  <\/div>\n<\/div>","protected":false},"excerpt":{"rendered":"<p>\ufeff\ufeff\ufeffFSC &#8211; W\u00e4lder f\u00fcr Immer &#8211; F\u00fcr Alle ! Das Siegel FSC kennzeichnet Produkte, die mit Holz aus nachhaltiger Waldwirtschaft hergestellt wurden. Eine FSC Zertifizierung best\u00e4tigt bespielweise soziale und \u00f6kologische Kriterien und erf\u00fcllt die Anforderungen des internationalen FSC \u2013 Standards. Damit auf dem Endprodukt das FSC \u2013 Siegel erscheinen darf, m\u00fcssen alle Stationen der Produktkette, [&hellip;]<\/p>\n","protected":false},"author":1,"featured_media":0,"parent":0,"menu_order":0,"comment_status":"closed","ping_status":"closed","template":"page-templates\/full-width-page.php","meta":{"footnotes":""},"class_list":["post-934","page","type-page","status-publish","hentry"],"_links":{"self":[{"href":"https:\/\/wiedemeier.org\/index.php\/wp-json\/wp\/v2\/pages\/934","targetHints":{"allow":["GET"]}}],"collection":[{"href":"https:\/\/wiedemeier.org\/index.php\/wp-json\/wp\/v2\/pages"}],"about":[{"href":"https:\/\/wiedemeier.org\/index.php\/wp-json\/wp\/v2\/types\/page"}],"author":[{"embeddable":true,"href":"https:\/\/wiedemeier.org\/index.php\/wp-json\/wp\/v2\/users\/1"}],"replies":[{"embeddable":true,"href":"https:\/\/wiedemeier.org\/index.php\/wp-json\/wp\/v2\/comments?post=934"}],"version-history":[{"count":7,"href":"https:\/\/wiedemeier.org\/index.php\/wp-json\/wp\/v2\/pages\/934\/revisions"}],"predecessor-version":[{"id":1886,"href":"https:\/\/wiedemeier.org\/index.php\/wp-json\/wp\/v2\/pages\/934\/revisions\/1886"}],"wp:attachment":[{"href":"https:\/\/wiedemeier.org\/index.php\/wp-json\/wp\/v2\/media?parent=934"}],"curies":[{"name":"wp","href":"https:\/\/api.w.org\/{rel}","templated":true}]}}