{"id":292,"date":"2022-08-26T17:01:06","date_gmt":"2022-08-26T15:01:06","guid":{"rendered":"http:\/\/wiedemeier.org\/?page_id=292"},"modified":"2022-12-07T15:35:05","modified_gmt":"2022-12-07T14:35:05","slug":"lagerhallen","status":"publish","type":"page","link":"https:\/\/wiedemeier.org\/index.php\/lagerhallen\/","title":{"rendered":"Lagerhallen"},"content":{"rendered":"<div data-colibri-id=\"292-c1\" class=\"style-569 style-local-292-c1 position-relative\">\n  <!---->\n  <div data-colibri-component=\"section\" data-colibri-id=\"292-c2\" id=\"content\" class=\"h-section h-section-global-spacing d-flex align-items-lg-center align-items-md-center align-items-center style-586 style-local-292-c2 position-relative\">\n    <!---->\n    <!---->\n    <div class=\"h-section-grid-container h-section-boxed-container\">\n      <!---->\n      <div data-colibri-id=\"292-c3\" class=\"h-row-container gutters-row-lg-2 gutters-row-md-2 gutters-row-2 gutters-row-v-lg-2 gutters-row-v-md-2 gutters-row-v-2 style-587 style-local-292-c3 position-relative\">\n        <!---->\n        <div class=\"h-row justify-content-lg-center justify-content-md-center justify-content-center align-items-lg-stretch align-items-md-stretch align-items-stretch gutters-col-lg-2 gutters-col-md-2 gutters-col-2 gutters-col-v-lg-2 gutters-col-v-md-2 gutters-col-v-2\">\n          <!---->\n          <div class=\"h-column h-column-container d-flex h-col-lg-auto h-col-md-auto h-col-auto style-588-outer style-local-292-c4-outer\">\n            <div data-colibri-id=\"292-c4\" class=\"d-flex h-flex-basis h-column__inner h-px-lg-0 h-px-md-0 h-px-2 v-inner-lg-0 v-inner-md-0 v-inner-2 style-588 style-local-292-c4 position-relative\">\n              <!---->\n              <!---->\n              <div class=\"w-100 h-y-container h-column__content h-column__v-align flex-basis-100 align-self-lg-center align-self-md-center align-self-center\">\n                <!---->\n                <div data-colibri-id=\"292-c5\" class=\"h-row-container gutters-row-lg-0 gutters-row-md-0 gutters-row-2 gutters-row-v-lg-0 gutters-row-v-md-0 gutters-row-v-0 style-590 style-local-292-c5 position-relative\">\n                  <!---->\n                  <div class=\"h-row justify-content-lg-center justify-content-md-center justify-content-center align-items-lg-stretch align-items-md-stretch align-items-stretch gutters-col-lg-0 gutters-col-md-0 gutters-col-2 gutters-col-v-lg-0 gutters-col-v-md-0 gutters-col-v-0\">\n                    <!---->\n                    <div class=\"h-column h-column-container d-flex h-col-lg h-col-md h-col-auto style-593-outer style-local-292-c6-outer\">\n                      <div data-colibri-id=\"292-c6\" class=\"d-flex h-flex-basis h-column__inner h-px-lg-1 h-px-md-1 h-px-1 v-inner-lg-1 v-inner-md-1 v-inner-1 style-593 style-local-292-c6 position-relative\">\n                        <!---->\n                        <!---->\n                        <div class=\"w-100 h-y-container h-column__content h-column__v-align flex-basis-100 align-self-lg-start align-self-md-start align-self-start\">\n                          <!---->\n                          <div data-colibri-id=\"292-c7\" class=\"h-text h-text-component style-595 style-local-292-c7 position-relative h-element\">\n                            <!---->\n                            <!---->\n                            <div class=\"\">\n                              <p>Mit ca. 1400 m\u00b2 Lagerfl\u00e4che k\u00f6nnen wir f\u00fcr unsere Kunden gro\u00dfe Mengen Material vorhalten. Wir verf\u00fcgen \u00fcber ca. 900 Palettenstellpl\u00e4tze sowie mehrere Kragarmregale. Gro\u00dfe Freifl\u00e4chen erm\u00f6glichen es mehrere LKW Ladungen einzulagern.<\/p>\n                            <\/div>\n                          <\/div>\n                        <\/div>\n                      <\/div>\n                    <\/div>\n                  <\/div>\n                <\/div>\n                <div data-colibri-id=\"292-c8\" class=\"h-row-container gutters-row-lg-0 gutters-row-md-0 gutters-row-2 gutters-row-v-lg-0 gutters-row-v-md-0 gutters-row-v-0 style-590 style-local-292-c8 position-relative\">\n                  <!---->\n                  <div class=\"h-row justify-content-lg-center justify-content-md-center justify-content-center align-items-lg-stretch align-items-md-stretch align-items-stretch gutters-col-lg-0 gutters-col-md-0 gutters-col-2 gutters-col-v-lg-0 gutters-col-v-md-0 gutters-col-v-0\">\n                    <!---->\n                    <div class=\"h-column h-column-container d-flex h-col-lg h-col-md h-col-auto style-593-outer style-local-292-c9-outer\">\n                      <div data-colibri-id=\"292-c9\" class=\"d-flex h-flex-basis h-column__inner h-px-lg-1 h-px-md-1 h-px-1 v-inner-lg-1 v-inner-md-1 v-inner-1 style-593 style-local-292-c9 position-relative\">\n                        <!---->\n                        <!---->\n                        <div class=\"w-100 h-y-container h-column__content h-column__v-align flex-basis-100 align-self-lg-start align-self-md-start align-self-start\">\n                          <!---->\n                          <div data-colibri-id=\"292-c10\" class=\"h-text h-text-component style-595 style-local-292-c10 position-relative h-element\">\n                            <!---->\n                            <!---->\n                            <div class=\"\">\n                              <p>Die enge Zusammenarbeit mit verschiedensten Holzh\u00e4ndlern gibt uns die M\u00f6glichkeit kurzfristig auf Ihrer Bestellungen zu reagieren.\n                                <br>\n                              <\/p>\n                            <\/div>\n                          <\/div>\n                        <\/div>\n                      <\/div>\n                    <\/div>\n                  <\/div>\n                <\/div>\n              <\/div>\n            <\/div>\n          <\/div>\n          <div class=\"h-column h-column-container d-flex h-col-lg-auto h-col-md-auto h-col-auto style-598-outer style-local-292-c11-outer\">\n            <div data-colibri-id=\"292-c11\" class=\"d-flex h-flex-basis h-column__inner h-px-lg-0 h-px-md-2 h-px-0 v-inner-lg-0 v-inner-md-2 v-inner-0 style-598 style-local-292-c11 position-relative\">\n              <!---->\n              <!---->\n              <div class=\"w-100 h-y-container h-column__content h-column__v-align flex-basis-100 align-self-lg-center align-self-md-center align-self-center\">\n                <!---->\n                <div data-colibri-id=\"292-c12\" class=\"d-block style-599 style-local-292-c12 position-relative h-element\">\n                  <!---->\n                  <div class=\"h-image__frame-container-outer\">\n                    <div class=\"h-image__frame-container\">\n                      <!---->\n                      <!---->\n                      <img loading=\"lazy\" decoding=\"async\" width=\"2400\" height=\"1600\" src=\"http:\/\/myfly.training\/wp-content\/uploads\/2022\/10\/138A8928.jpg\" class=\"wp-image-784 style-599-image style-local-292-c12-image\" alt=\"\" srcset=\"https:\/\/wiedemeier.org\/wp-content\/uploads\/2022\/10\/138A8928.jpg 2400w, https:\/\/wiedemeier.org\/wp-content\/uploads\/2022\/10\/138A8928-300x200.jpg 300w, https:\/\/wiedemeier.org\/wp-content\/uploads\/2022\/10\/138A8928-1024x683.jpg 1024w, https:\/\/wiedemeier.org\/wp-content\/uploads\/2022\/10\/138A8928-768x512.jpg 768w, https:\/\/wiedemeier.org\/wp-content\/uploads\/2022\/10\/138A8928-1536x1024.jpg 1536w, https:\/\/wiedemeier.org\/wp-content\/uploads\/2022\/10\/138A8928-2048x1365.jpg 2048w\" sizes=\"auto, (max-width: 2400px) 100vw, 2400px\" \/>\n                      <div class=\"h-image__frame h-hide-sm style-599-frameImage style-local-292-c12-frameImage\"><\/div>\n                    <\/div>\n                  <\/div>\n                <\/div>\n              <\/div>\n            <\/div>\n          <\/div>\n        <\/div>\n      <\/div>\n    <\/div>\n  <\/div>\n<\/div>","protected":false},"excerpt":{"rendered":"<p>Mit ca. 1400 m\u00b2 Lagerfl\u00e4che k\u00f6nnen wir f\u00fcr unsere Kunden gro\u00dfe Mengen Material vorhalten. Wir verf\u00fcgen \u00fcber ca. 900 Palettenstellpl\u00e4tze sowie mehrere Kragarmregale. Gro\u00dfe Freifl\u00e4chen erm\u00f6glichen es mehrere LKW Ladungen einzulagern. Die enge Zusammenarbeit mit verschiedensten Holzh\u00e4ndlern gibt uns die M\u00f6glichkeit kurzfristig auf Ihrer Bestellungen zu reagieren.<\/p>\n","protected":false},"author":1,"featured_media":0,"parent":0,"menu_order":0,"comment_status":"closed","ping_status":"closed","template":"page-templates\/full-width-page.php","meta":{"footnotes":""},"class_list":["post-292","page","type-page","status-publish","hentry"],"_links":{"self":[{"href":"https:\/\/wiedemeier.org\/index.php\/wp-json\/wp\/v2\/pages\/292","targetHints":{"allow":["GET"]}}],"collection":[{"href":"https:\/\/wiedemeier.org\/index.php\/wp-json\/wp\/v2\/pages"}],"about":[{"href":"https:\/\/wiedemeier.org\/index.php\/wp-json\/wp\/v2\/types\/page"}],"author":[{"embeddable":true,"href":"https:\/\/wiedemeier.org\/index.php\/wp-json\/wp\/v2\/users\/1"}],"replies":[{"embeddable":true,"href":"https:\/\/wiedemeier.org\/index.php\/wp-json\/wp\/v2\/comments?post=292"}],"version-history":[{"count":5,"href":"https:\/\/wiedemeier.org\/index.php\/wp-json\/wp\/v2\/pages\/292\/revisions"}],"predecessor-version":[{"id":1237,"href":"https:\/\/wiedemeier.org\/index.php\/wp-json\/wp\/v2\/pages\/292\/revisions\/1237"}],"wp:attachment":[{"href":"https:\/\/wiedemeier.org\/index.php\/wp-json\/wp\/v2\/media?parent=292"}],"curies":[{"name":"wp","href":"https:\/\/api.w.org\/{rel}","templated":true}]}}