{"id":290,"date":"2022-08-26T17:01:06","date_gmt":"2022-08-26T15:01:06","guid":{"rendered":"http:\/\/wiedemeier.org\/?page_id=290"},"modified":"2023-01-13T16:01:56","modified_gmt":"2023-01-13T15:01:56","slug":"kantenbearbeitung","status":"publish","type":"page","link":"https:\/\/wiedemeier.org\/index.php\/kantenbearbeitung\/","title":{"rendered":"Kantenbearbeitung"},"content":{"rendered":"<div data-colibri-id=\"290-c1\" class=\"style-714 style-local-290-c1 position-relative\">\n  <!---->\n  <div data-colibri-component=\"section\" data-colibri-id=\"290-c2\" id=\"custom\" class=\"h-section h-section-global-spacing d-flex align-items-lg-center align-items-md-center align-items-center style-870 style-local-290-c2 position-relative\">\n    <!---->\n    <!---->\n    <div class=\"h-section-grid-container h-section-boxed-container\">\n      <!---->\n      <div data-colibri-id=\"290-c3\" class=\"h-row-container gutters-row-lg-2 gutters-row-md-2 gutters-row-0 gutters-row-v-lg-2 gutters-row-v-md-2 gutters-row-v-2 style-871 style-local-290-c3 position-relative\">\n        <!---->\n        <div class=\"h-row justify-content-lg-center justify-content-md-center justify-content-center align-items-lg-stretch align-items-md-stretch align-items-stretch gutters-col-lg-2 gutters-col-md-2 gutters-col-0 gutters-col-v-lg-2 gutters-col-v-md-2 gutters-col-v-2\">\n          <!---->\n          <div class=\"h-column h-column-container d-flex h-col-lg-auto h-col-md-auto h-col-auto style-872-outer style-local-290-c4-outer\">\n            <div data-colibri-id=\"290-c4\" class=\"d-flex h-flex-basis h-column__inner h-px-lg-2 h-px-md-2 h-px-2 v-inner-lg-2 v-inner-md-2 v-inner-2 style-872 style-local-290-c4 position-relative\">\n              <!---->\n              <!---->\n              <div class=\"w-100 h-y-container h-column__content h-column__v-align flex-basis-100 align-self-lg-start align-self-md-start align-self-start\">\n                <!---->\n                <div data-colibri-id=\"290-c5\" class=\"h-text h-text-component style-725 style-local-290-c5 position-relative h-element\">\n                  <!---->\n                  <!---->\n                  <div class=\"\">\n                    <p>\n                      <br>\n                    <\/p>\n                    <p>\n                      <br>\n                    <\/p>\n                    <p>\n                      <br>\n                    <\/p>\n                    <p>\n                      <br>\n                    <\/p>\n                    <p>Unser Kantenanleimer kann verschiedenste Kantenmaterialien an unterschiedlichste Platenwerkst\u00fccke anbringen.<\/p>\n                    <p>Wir fertigen f\u00fcr Sie Plattenwerkstoffe mit Melamin- bzw. D\u00fcnnkanten, Furnierkanten, ABS\/PVC Kanten und Massivholzanleimer bis zu einer Breite von 8 mm.<\/p>\n                    <p>\n                      <br>\n                    <\/p>\n                  <\/div>\n                <\/div>\n              <\/div>\n            <\/div>\n          <\/div>\n          <div class=\"h-column h-column-container d-flex h-col-lg-auto h-col-md-auto h-col-auto style-873-outer style-local-290-c6-outer\">\n            <div data-colibri-id=\"290-c6\" class=\"d-flex h-flex-basis h-column__inner h-px-lg-2 h-px-md-2 h-px-2 v-inner-lg-2 v-inner-md-2 v-inner-2 style-873 style-local-290-c6 position-relative\">\n              <!---->\n              <!---->\n              <div class=\"w-100 h-y-container h-column__content h-column__v-align flex-basis-100 align-self-lg-start align-self-md-start align-self-start\">\n                <!---->\n                <div data-colibri-id=\"290-c7\" class=\"d-block style-875 style-local-290-c7 position-relative h-element\">\n                  <!---->\n                  <div class=\"h-image__frame-container-outer\">\n                    <div class=\"h-image__frame-container\">\n                      <!---->\n                      <!---->\n                      <img loading=\"lazy\" decoding=\"async\" width=\"2400\" height=\"1600\" src=\"https:\/\/wiedemeier.org\/wp-content\/uploads\/2022\/11\/138A8936.jpg\" class=\"wp-image-972 style-875-image style-local-290-c7-image\" alt=\"\" srcset=\"https:\/\/wiedemeier.org\/wp-content\/uploads\/2022\/11\/138A8936.jpg 2400w, https:\/\/wiedemeier.org\/wp-content\/uploads\/2022\/11\/138A8936-300x200.jpg 300w, https:\/\/wiedemeier.org\/wp-content\/uploads\/2022\/11\/138A8936-1024x683.jpg 1024w, https:\/\/wiedemeier.org\/wp-content\/uploads\/2022\/11\/138A8936-768x512.jpg 768w, https:\/\/wiedemeier.org\/wp-content\/uploads\/2022\/11\/138A8936-1536x1024.jpg 1536w, https:\/\/wiedemeier.org\/wp-content\/uploads\/2022\/11\/138A8936-2048x1365.jpg 2048w\" sizes=\"auto, (max-width: 2400px) 100vw, 2400px\" \/>\n                      <div class=\"h-image__frame h-hide-lg h-hide-md h-hide-sm style-875-frameImage style-local-290-c7-frameImage\"><\/div>\n                    <\/div>\n                  <\/div>\n                <\/div>\n              <\/div>\n            <\/div>\n          <\/div>\n        <\/div>\n      <\/div>\n      <div data-colibri-id=\"290-c8\" class=\"h-row-container gutters-row-lg-2 gutters-row-md-2 gutters-row-0 gutters-row-v-lg-2 gutters-row-v-md-2 gutters-row-v-2 style-876 style-local-290-c8 position-relative\">\n        <!---->\n        <div class=\"h-row justify-content-lg-center justify-content-md-center justify-content-center align-items-lg-stretch align-items-md-stretch align-items-stretch gutters-col-lg-2 gutters-col-md-2 gutters-col-0 gutters-col-v-lg-2 gutters-col-v-md-2 gutters-col-v-2\">\n          <!---->\n          <div class=\"h-column h-column-container d-flex h-col-lg-6 h-col-md-6 h-col-12 style-877-outer style-local-290-c9-outer\">\n            <div data-colibri-id=\"290-c9\" class=\"d-flex h-flex-basis h-column__inner h-px-lg-2 h-px-md-2 h-px-2 v-inner-lg-2 v-inner-md-2 v-inner-2 style-877 style-local-290-c9 position-relative\">\n              <!---->\n              <!---->\n              <div class=\"w-100 h-y-container h-column__content h-column__v-align flex-basis-100 align-self-lg-start align-self-md-start align-self-start\">\n                <!---->\n                <div data-colibri-id=\"290-c10\" class=\"d-block style-879 style-local-290-c10 position-relative h-element\">\n                  <!---->\n                  <div class=\"h-image__frame-container-outer\">\n                    <div class=\"h-image__frame-container\">\n                      <!---->\n                      <!---->\n                      <img loading=\"lazy\" decoding=\"async\" width=\"1698\" height=\"1600\" src=\"https:\/\/wiedemeier.org\/wp-content\/uploads\/2023\/01\/cropped-Kantenanleimer.png\" class=\"wp-image-1699 style-879-image style-local-290-c10-image\" alt=\"\" srcset=\"https:\/\/wiedemeier.org\/wp-content\/uploads\/2023\/01\/cropped-Kantenanleimer.png 1698w, https:\/\/wiedemeier.org\/wp-content\/uploads\/2023\/01\/cropped-Kantenanleimer-300x283.png 300w, https:\/\/wiedemeier.org\/wp-content\/uploads\/2023\/01\/cropped-Kantenanleimer-1024x965.png 1024w, https:\/\/wiedemeier.org\/wp-content\/uploads\/2023\/01\/cropped-Kantenanleimer-768x724.png 768w, https:\/\/wiedemeier.org\/wp-content\/uploads\/2023\/01\/cropped-Kantenanleimer-1536x1447.png 1536w\" sizes=\"auto, (max-width: 1698px) 100vw, 1698px\" \/>\n                      <div class=\"h-image__frame h-hide-lg h-hide-md h-hide-sm style-879-frameImage style-local-290-c10-frameImage\"><\/div>\n                    <\/div>\n                  <\/div>\n                <\/div>\n              <\/div>\n            <\/div>\n          <\/div>\n          <div class=\"h-column h-column-container d-flex h-col-lg-6 h-col-md-6 h-col-12 style-878-outer style-local-290-c11-outer\">\n            <div data-colibri-id=\"290-c11\" class=\"d-flex h-flex-basis h-column__inner h-px-lg-2 h-px-md-2 h-px-2 v-inner-lg-2 v-inner-md-2 v-inner-2 style-878 style-local-290-c11 position-relative\">\n              <!---->\n              <!---->\n              <div class=\"w-100 h-y-container h-column__content h-column__v-align flex-basis-100 align-self-lg-start align-self-md-start align-self-start\">\n                <!---->\n                <div data-colibri-id=\"290-c12\" class=\"h-text h-text-component style-725 style-local-290-c12 position-relative h-element\">\n                  <!---->\n                  <!---->\n                  <div class=\"\">\n                    <p>\n                      <br>\n                    <\/p>\n                    <p>\n                      <br>\n                    <\/p>\n                    <p>\n                      <br>\n                    <\/p>\n                    <p>Um ein qualitativ hochwertiges Kantenfinish zu erzielen, erfolgt die Bearbeitung durch F\u00fcgefr\u00e4ser, Kappeinheit, Beifr\u00e4ser, Kopieraggregat, Profilziehklinge und Putzscheiben.<\/p>\n                    <p>Mit einer separaten Kanten und Beifr\u00e4smaschine fertigen wir zus\u00e4tzlich geschweifte Platten mit Melamin- bzw. D\u00fcnn- aber auch ABS oder PVC Kanten.<\/p>\n                  <\/div>\n                <\/div>\n                <div data-colibri-id=\"290-c13\" class=\"d-block style-1205 style-local-290-c13 position-relative h-element\">\n                  <!---->\n                  <div class=\"h-image__frame-container-outer\">\n                    <div class=\"h-image__frame-container\">\n                      <!---->\n                      <!---->\n                      <img loading=\"lazy\" decoding=\"async\" width=\"1280\" height=\"960\" src=\"https:\/\/wiedemeier.org\/wp-content\/uploads\/2023\/01\/DSC06625.jpg\" class=\"wp-image-1819 style-1205-image style-local-290-c13-image\" alt=\"\" srcset=\"https:\/\/wiedemeier.org\/wp-content\/uploads\/2023\/01\/DSC06625.jpg 1280w, https:\/\/wiedemeier.org\/wp-content\/uploads\/2023\/01\/DSC06625-300x225.jpg 300w, https:\/\/wiedemeier.org\/wp-content\/uploads\/2023\/01\/DSC06625-1024x768.jpg 1024w, https:\/\/wiedemeier.org\/wp-content\/uploads\/2023\/01\/DSC06625-768x576.jpg 768w\" sizes=\"auto, (max-width: 1280px) 100vw, 1280px\" \/>\n                      <div class=\"h-image__frame h-hide-lg h-hide-md h-hide-sm style-1205-frameImage style-local-290-c13-frameImage\"><\/div>\n                    <\/div>\n                  <\/div>\n                <\/div>\n              <\/div>\n            <\/div>\n          <\/div>\n        <\/div>\n      <\/div>\n    <\/div>\n  <\/div>\n<\/div>","protected":false},"excerpt":{"rendered":"<p>Unser Kantenanleimer kann verschiedenste Kantenmaterialien an unterschiedlichste Platenwerkst\u00fccke anbringen. Wir fertigen f\u00fcr Sie Plattenwerkstoffe mit Melamin- bzw. D\u00fcnnkanten, Furnierkanten, ABS\/PVC Kanten und Massivholzanleimer bis zu einer Breite von 8 mm. Um ein qualitativ hochwertiges Kantenfinish zu erzielen, erfolgt die Bearbeitung durch F\u00fcgefr\u00e4ser, Kappeinheit, Beifr\u00e4ser, Kopieraggregat, Profilziehklinge und Putzscheiben. Mit einer separaten Kanten und Beifr\u00e4smaschine fertigen [&hellip;]<\/p>\n","protected":false},"author":1,"featured_media":0,"parent":0,"menu_order":0,"comment_status":"closed","ping_status":"closed","template":"page-templates\/full-width-page.php","meta":{"footnotes":""},"class_list":["post-290","page","type-page","status-publish","hentry"],"_links":{"self":[{"href":"https:\/\/wiedemeier.org\/index.php\/wp-json\/wp\/v2\/pages\/290","targetHints":{"allow":["GET"]}}],"collection":[{"href":"https:\/\/wiedemeier.org\/index.php\/wp-json\/wp\/v2\/pages"}],"about":[{"href":"https:\/\/wiedemeier.org\/index.php\/wp-json\/wp\/v2\/types\/page"}],"author":[{"embeddable":true,"href":"https:\/\/wiedemeier.org\/index.php\/wp-json\/wp\/v2\/users\/1"}],"replies":[{"embeddable":true,"href":"https:\/\/wiedemeier.org\/index.php\/wp-json\/wp\/v2\/comments?post=290"}],"version-history":[{"count":11,"href":"https:\/\/wiedemeier.org\/index.php\/wp-json\/wp\/v2\/pages\/290\/revisions"}],"predecessor-version":[{"id":1822,"href":"https:\/\/wiedemeier.org\/index.php\/wp-json\/wp\/v2\/pages\/290\/revisions\/1822"}],"wp:attachment":[{"href":"https:\/\/wiedemeier.org\/index.php\/wp-json\/wp\/v2\/media?parent=290"}],"curies":[{"name":"wp","href":"https:\/\/api.w.org\/{rel}","templated":true}]}}