{"id":210,"date":"2022-08-25T16:15:53","date_gmt":"2022-08-25T14:15:53","guid":{"rendered":"http:\/\/wiedemeier.org\/?page_id=210"},"modified":"2023-01-16T16:45:06","modified_gmt":"2023-01-16T15:45:06","slug":"oberflaechentechnik","status":"publish","type":"page","link":"https:\/\/wiedemeier.org\/index.php\/oberflaechentechnik\/","title":{"rendered":"Oberfl\u00e4chentechnik"},"content":{"rendered":"<div data-colibri-id=\"210-c1\" class=\"style-704 style-local-210-c1 position-relative\">\n  <!---->\n  <div data-colibri-component=\"section\" data-colibri-id=\"210-c2\" id=\"content\" class=\"h-section h-section-global-spacing d-flex align-items-lg-center align-items-md-center align-items-center style-705 style-local-210-c2 position-relative\">\n    <!---->\n    <!---->\n    <div class=\"h-section-grid-container h-section-boxed-container\">\n      <!---->\n      <div data-colibri-id=\"210-c3\" class=\"h-row-container gutters-row-lg-2 gutters-row-md-2 gutters-row-2 gutters-row-v-lg-2 gutters-row-v-md-2 gutters-row-v-2 style-706 style-local-210-c3 position-relative\">\n        <!---->\n        <div class=\"h-row justify-content-lg-center justify-content-md-center justify-content-center align-items-lg-stretch align-items-md-stretch align-items-stretch gutters-col-lg-2 gutters-col-md-2 gutters-col-2 gutters-col-v-lg-2 gutters-col-v-md-2 gutters-col-v-2\">\n          <!---->\n          <div class=\"h-column h-column-container d-flex h-col-lg-auto h-col-md-auto h-col-auto style-707-outer style-local-210-c4-outer\">\n            <div data-colibri-id=\"210-c4\" class=\"d-flex h-flex-basis h-column__inner h-px-lg-0 h-px-md-0 h-px-2 v-inner-lg-0 v-inner-md-0 v-inner-2 style-707 style-local-210-c4 position-relative\">\n              <!---->\n              <!---->\n              <div class=\"w-100 h-y-container h-column__content h-column__v-align flex-basis-100 align-self-lg-center align-self-md-center align-self-center\">\n                <!---->\n                <div data-colibri-id=\"210-c5\" class=\"h-text h-text-component style-709 style-local-210-c5 position-relative h-element\">\n                  <!---->\n                  <!---->\n                  <div class=\"\">\n                    <p>Unsere Oberfl\u00e4chenabteilung besch\u00e4ftigt ausschlie\u00dflich ausgebildete Lackierer. Der Qualit\u00e4tsstandard wird dadurch erh\u00f6ht und gew\u00e4hrleistet hohe St\u00fcckzahlen zu produzieren.<\/p>\n                    <p>Mit unterschiedlichen Lackiersystemen oder Beizen, veredeln wir nach Ihren Farbmustern unterschiedlichste Produkte. Alle Arten von Platten, Sitzschalen, Kleinteile und vieles mehr.<span style=\"color: rgb(70, 112, 127); font-family: Open Sans; font-size: 16px; font-weight: 400;\"><br><\/span><\/p>\n                  <\/div>\n                <\/div>\n              <\/div>\n            <\/div>\n          <\/div>\n          <div class=\"h-column h-column-container d-flex h-col-lg-auto h-col-md-auto h-col-auto style-712-outer style-local-210-c6-outer\">\n            <div data-colibri-id=\"210-c6\" class=\"d-flex h-flex-basis h-column__inner h-px-lg-0 h-px-md-2 h-px-0 v-inner-lg-0 v-inner-md-2 v-inner-0 style-712 style-local-210-c6 position-relative\">\n              <!---->\n              <!---->\n              <div class=\"w-100 h-y-container h-column__content h-column__v-align flex-basis-100 align-self-lg-center align-self-md-center align-self-center\">\n                <!---->\n                <div data-colibri-id=\"210-c7\" class=\"d-block style-713 style-local-210-c7 position-relative h-element\">\n                  <!---->\n                  <div class=\"h-image__frame-container-outer\">\n                    <div class=\"h-image__frame-container\">\n                      <!---->\n                      <!---->\n                      <img loading=\"lazy\" decoding=\"async\" width=\"666\" height=\"567\" src=\"http:\/\/myfly.training\/wp-content\/uploads\/2022\/09\/cropped-DSC06671-1.jpg\" class=\"wp-image-435 style-713-image style-local-210-c7-image\" alt=\"\" srcset=\"https:\/\/wiedemeier.org\/wp-content\/uploads\/2022\/09\/cropped-DSC06671-1.jpg 666w, https:\/\/wiedemeier.org\/wp-content\/uploads\/2022\/09\/cropped-DSC06671-1-300x255.jpg 300w\" sizes=\"auto, (max-width: 666px) 100vw, 666px\" \/>\n                      <div class=\"h-image__frame h-hide-sm style-713-frameImage style-local-210-c7-frameImage\"><\/div>\n                    <\/div>\n                  <\/div>\n                <\/div>\n              <\/div>\n            <\/div>\n          <\/div>\n        <\/div>\n      <\/div>\n    <\/div>\n  <\/div>\n<\/div>","protected":false},"excerpt":{"rendered":"<p>Unsere Oberfl\u00e4chenabteilung besch\u00e4ftigt ausschlie\u00dflich ausgebildete Lackierer. Der Qualit\u00e4tsstandard wird dadurch erh\u00f6ht und gew\u00e4hrleistet hohe St\u00fcckzahlen zu produzieren. Mit unterschiedlichen Lackiersystemen oder Beizen, veredeln wir nach Ihren Farbmustern unterschiedlichste Produkte. Alle Arten von Platten, Sitzschalen, Kleinteile und vieles mehr.<\/p>\n","protected":false},"author":1,"featured_media":0,"parent":0,"menu_order":0,"comment_status":"closed","ping_status":"closed","template":"page-templates\/full-width-page.php","meta":{"footnotes":""},"class_list":["post-210","page","type-page","status-publish","hentry"],"_links":{"self":[{"href":"https:\/\/wiedemeier.org\/index.php\/wp-json\/wp\/v2\/pages\/210","targetHints":{"allow":["GET"]}}],"collection":[{"href":"https:\/\/wiedemeier.org\/index.php\/wp-json\/wp\/v2\/pages"}],"about":[{"href":"https:\/\/wiedemeier.org\/index.php\/wp-json\/wp\/v2\/types\/page"}],"author":[{"embeddable":true,"href":"https:\/\/wiedemeier.org\/index.php\/wp-json\/wp\/v2\/users\/1"}],"replies":[{"embeddable":true,"href":"https:\/\/wiedemeier.org\/index.php\/wp-json\/wp\/v2\/comments?post=210"}],"version-history":[{"count":4,"href":"https:\/\/wiedemeier.org\/index.php\/wp-json\/wp\/v2\/pages\/210\/revisions"}],"predecessor-version":[{"id":1858,"href":"https:\/\/wiedemeier.org\/index.php\/wp-json\/wp\/v2\/pages\/210\/revisions\/1858"}],"wp:attachment":[{"href":"https:\/\/wiedemeier.org\/index.php\/wp-json\/wp\/v2\/media?parent=210"}],"curies":[{"name":"wp","href":"https:\/\/api.w.org\/{rel}","templated":true}]}}