{"id":209,"date":"2022-08-25T16:15:53","date_gmt":"2022-08-25T14:15:53","guid":{"rendered":"http:\/\/wiedemeier.org\/?page_id=209"},"modified":"2023-01-13T16:26:20","modified_gmt":"2023-01-13T15:26:20","slug":"moebeleinzelanfertigung","status":"publish","type":"page","link":"https:\/\/wiedemeier.org\/index.php\/moebeleinzelanfertigung\/","title":{"rendered":"M\u00f6beleinzelanfertigung"},"content":{"rendered":"<div data-colibri-id=\"209-c1\" class=\"style-626 style-local-209-c1 position-relative\">\n  <!---->\n  <div data-colibri-component=\"section\" data-colibri-id=\"209-c2\" id=\"content\" class=\"h-section h-section-global-spacing d-flex align-items-lg-center align-items-md-center align-items-center style-627 style-local-209-c2 position-relative\">\n    <!---->\n    <!---->\n    <div class=\"h-section-grid-container h-section-boxed-container\">\n      <!---->\n      <div data-colibri-id=\"209-c3\" class=\"h-row-container gutters-row-lg-2 gutters-row-md-2 gutters-row-2 gutters-row-v-lg-2 gutters-row-v-md-2 gutters-row-v-2 style-628 style-local-209-c3 position-relative\">\n        <!---->\n        <div class=\"h-row justify-content-lg-center justify-content-md-center justify-content-center align-items-lg-stretch align-items-md-stretch align-items-stretch gutters-col-lg-2 gutters-col-md-2 gutters-col-2 gutters-col-v-lg-2 gutters-col-v-md-2 gutters-col-v-2\">\n          <!---->\n          <div class=\"h-column h-column-container d-flex h-col-lg-auto h-col-md-auto h-col-auto style-629-outer style-local-209-c4-outer\">\n            <div data-colibri-id=\"209-c4\" class=\"d-flex h-flex-basis h-column__inner h-px-lg-0 h-px-md-0 h-px-0 v-inner-lg-0 v-inner-md-0 v-inner-0 style-629 style-local-209-c4 position-relative\">\n              <!---->\n              <!---->\n              <div class=\"w-100 h-y-container h-column__content h-column__v-align flex-basis-100 align-self-lg-start align-self-md-start align-self-start\">\n                <!---->\n                <div data-colibri-id=\"209-c5\" class=\"h-row-container gutters-row-lg-2 gutters-row-md-2 gutters-row-2 gutters-row-v-lg-2 gutters-row-v-md-2 gutters-row-v-2 style-630 style-local-209-c5 position-relative\">\n                  <!---->\n                  <div class=\"h-row justify-content-lg-center justify-content-md-center justify-content-center align-items-lg-stretch align-items-md-stretch align-items-stretch gutters-col-lg-2 gutters-col-md-2 gutters-col-2 gutters-col-v-lg-2 gutters-col-v-md-2 gutters-col-v-2\">\n                    <!---->\n                    <div class=\"h-column h-column-container d-flex h-col-lg-auto h-col-md-auto h-col-auto style-631-outer style-local-209-c6-outer\">\n                      <div data-colibri-id=\"209-c6\" class=\"d-flex h-flex-basis h-column__inner h-px-lg-0 h-px-md-0 h-px-0 v-inner-lg-0 v-inner-md-0 v-inner-0 style-631 style-local-209-c6 position-relative\">\n                        <!---->\n                        <!---->\n                        <div class=\"w-100 h-y-container h-column__content h-column__v-align flex-basis-100 align-self-lg-center align-self-md-center align-self-center\">\n                          <!---->\n                          <div data-colibri-id=\"209-c7\" class=\"h-text h-text-component style-633 style-local-209-c7 position-relative h-element\">\n                            <!---->\n                            <!---->\n                            <div class=\"\">\n                              <p>Wir fertigen mit unseren modernen Maschinenpark nicht nur M\u00f6beleinzelteile in kleinen und gro\u00dfen Serien sondern auch Produkte im hochwertigen Bereich. Furnieren, Massivholzzuschnitt wird von uns nach Ihren Vorstellungen durchgef\u00fchrt.<\/p>\n                              <p>\n                                <br>\n                              <\/p>\n                              <p>\n                                <br>\n                              <\/p>\n                            <\/div>\n                          <\/div>\n                        <\/div>\n                      <\/div>\n                    <\/div>\n                    <div class=\"h-column h-column-container d-flex h-col-lg-auto h-col-md-auto h-col-auto style-634-outer style-local-209-c8-outer\">\n                      <div data-colibri-id=\"209-c8\" class=\"d-flex h-flex-basis h-column__inner h-ui-empty-state-container h-px-lg-0 h-px-md-0 h-px-0 v-inner-lg-0 v-inner-md-0 v-inner-0 style-634 style-local-209-c8 position-relative\">\n                        <!---->\n                        <!---->\n                        <div class=\"w-100 h-y-container h-column__content h-column__v-align flex-basis-100\">\n                          <!---->\n                        <\/div>\n                      <\/div>\n                    <\/div>\n                  <\/div>\n                <\/div>\n                <div data-colibri-id=\"209-c9\" class=\"h-row-container gutters-row-lg-2 gutters-row-md-2 gutters-row-2 gutters-row-v-lg-2 gutters-row-v-md-2 gutters-row-v-2 style-630 style-local-209-c9 position-relative\">\n                  <!---->\n                  <div class=\"h-row justify-content-lg-center justify-content-md-center justify-content-center align-items-lg-stretch align-items-md-stretch align-items-stretch gutters-col-lg-2 gutters-col-md-2 gutters-col-2 gutters-col-v-lg-2 gutters-col-v-md-2 gutters-col-v-2\">\n                    <!---->\n                    <div class=\"h-column h-column-container d-flex h-col-lg-auto h-col-md-auto h-col-auto style-635-outer style-local-209-c10-outer\">\n                      <div data-colibri-id=\"209-c10\" class=\"d-flex h-flex-basis h-column__inner h-ui-empty-state-container h-px-lg-0 h-px-md-0 h-px-0 v-inner-lg-0 v-inner-md-0 v-inner-0 style-635 style-local-209-c10 position-relative\">\n                        <!---->\n                        <!---->\n                        <div class=\"w-100 h-y-container h-column__content h-column__v-align flex-basis-100\">\n                          <!---->\n                        <\/div>\n                      <\/div>\n                    <\/div>\n                    <div class=\"h-column h-column-container d-flex h-col-lg-auto h-col-md-auto h-col-auto style-631-outer style-local-209-c11-outer\">\n                      <div data-colibri-id=\"209-c11\" class=\"d-flex h-flex-basis h-column__inner h-px-lg-0 h-px-md-0 h-px-0 v-inner-lg-0 v-inner-md-0 v-inner-0 style-631 style-local-209-c11 position-relative\">\n                        <!---->\n                        <!---->\n                        <div class=\"w-100 h-y-container h-column__content h-column__v-align flex-basis-100 align-self-lg-center align-self-md-center align-self-center\">\n                          <!---->\n                          <div data-colibri-id=\"209-c12\" class=\"h-text h-text-component style-636 style-local-209-c12 position-relative h-element\">\n                            <!---->\n                            <!---->\n                            <div class=\"\">\n                              <p>Bestellservice zum gew\u00fcnschten Material, f\u00fchren wir gern f\u00fcr unsere Kunden bei erfahrenen Holzh\u00e4ndlern, Platenherstellern und Beschlagunternehmen aus. Bearbeitung Ihrer Teile, k\u00f6nnen wir auf Wunsch in Lohnarbeit fertigen.<\/p>\n                            <\/div>\n                          <\/div>\n                        <\/div>\n                      <\/div>\n                    <\/div>\n                  <\/div>\n                <\/div>\n                <div data-colibri-id=\"209-c13\" class=\"h-row-container gutters-row-lg-2 gutters-row-md-2 gutters-row-2 gutters-row-v-lg-2 gutters-row-v-md-2 gutters-row-v-2 style-630 style-local-209-c13 position-relative\">\n                  <!---->\n                  <div class=\"h-row justify-content-lg-center justify-content-md-center justify-content-center align-items-lg-stretch align-items-md-stretch align-items-stretch gutters-col-lg-2 gutters-col-md-2 gutters-col-2 gutters-col-v-lg-2 gutters-col-v-md-2 gutters-col-v-2\">\n                    <!---->\n                    <div class=\"h-column h-column-container d-flex h-col-lg-auto h-col-md-auto h-col-auto style-631-outer style-local-209-c14-outer\">\n                      <div data-colibri-id=\"209-c14\" class=\"d-flex h-flex-basis h-column__inner h-px-lg-0 h-px-md-0 h-px-0 v-inner-lg-0 v-inner-md-0 v-inner-0 style-631 style-local-209-c14 position-relative\">\n                        <!---->\n                        <!---->\n                        <div class=\"w-100 h-y-container h-column__content h-column__v-align flex-basis-100 align-self-lg-center align-self-md-center align-self-center\">\n                          <!---->\n                          <div data-colibri-id=\"209-c15\" class=\"h-text h-text-component style-637 style-local-209-c15 position-relative h-element\">\n                            <!---->\n                            <!---->\n                            <div class=\"\">\n                              <p>\n                                <br>\n                              <\/p>\n                              <p>\n                                <br>\n                              <\/p>\n                              <p>\n                                <br>\n                              <\/p>\n                              <p>Durch die freie Gestaltung der Farbauswahl und Oberfl\u00e4cheng\u00fcte, werden Ihre Vorstellungen von unseren Oberfl\u00e4chenspezialisten erf\u00fcllt.<\/p>\n                              <p>Damit k\u00f6nnen wir komplette M\u00f6belteile mit Oberfl\u00e4che fertig montiert, entsprechend liefern. Bestellungen sind durch unseren hauseigenen Spediteur bis zur Lieferadresse m\u00f6glich.<\/p>\n                            <\/div>\n                          <\/div>\n                        <\/div>\n                      <\/div>\n                    <\/div>\n                    <div class=\"h-column h-column-container d-flex h-col-lg-auto h-col-md-auto h-col-auto style-638-outer style-local-209-c16-outer\">\n                      <div data-colibri-id=\"209-c16\" class=\"d-flex h-flex-basis h-column__inner h-ui-empty-state-container h-px-lg-0 h-px-md-0 h-px-0 v-inner-lg-0 v-inner-md-0 v-inner-0 style-638 style-local-209-c16 position-relative\">\n                        <!---->\n                        <!---->\n                        <div class=\"w-100 h-y-container h-column__content h-column__v-align flex-basis-100\">\n                          <!---->\n                        <\/div>\n                      <\/div>\n                    <\/div>\n                  <\/div>\n                <\/div>\n              <\/div>\n            <\/div>\n          <\/div>\n        <\/div>\n      <\/div>\n    <\/div>\n  <\/div>\n  <div data-colibri-component=\"section\" data-colibri-id=\"209-c17\" id=\"photo-gallery\" class=\"h-section h-section-global-spacing d-flex align-items-lg-center align-items-md-center align-items-center style-700 style-local-209-c17 position-relative\">\n    <!---->\n    <!---->\n    <div class=\"h-section-grid-container h-section-boxed-container\">\n      <!---->\n      <div data-colibri-id=\"209-c18\" class=\"h-row-container gutters-row-lg-2 gutters-row-md-2 gutters-row-2 gutters-row-v-lg-2 gutters-row-v-md-2 gutters-row-v-2 style-701 style-local-209-c18 position-relative\">\n        <!---->\n        <div class=\"h-row justify-content-lg-center justify-content-md-center justify-content-center align-items-lg-stretch align-items-md-stretch align-items-stretch gutters-col-lg-2 gutters-col-md-2 gutters-col-2 gutters-col-v-lg-2 gutters-col-v-md-2 gutters-col-v-2\">\n          <!---->\n          <div class=\"h-column h-column-container d-flex h-col-lg-auto h-col-md-auto h-col-auto style-702-outer style-local-209-c19-outer\">\n            <div data-colibri-id=\"209-c19\" class=\"d-flex h-flex-basis h-column__inner h-px-lg-2 h-px-md-2 h-px-2 v-inner-lg-2 v-inner-md-2 v-inner-2 style-702 style-local-209-c19 position-relative\">\n              <!---->\n              <!---->\n              <div class=\"w-100 h-y-container h-column__content h-column__v-align flex-basis-100 align-self-lg-start align-self-md-start align-self-start\">\n                <!---->\n                <div data-colibri-component=\"masonry\" data-colibri-id=\"209-c20\" class=\"h-photo-gallery margin-none caption-displayTrue caption-vertical-align-center photo-gallery--with-hover-effect photo-gallery--with-hover-effect--fade-out style-703 style-local-209-c20 position-relative h-element\">\n                  <!---->\n                  <div class=\"h-global-transition-all\"><div id='colibri-209-c20' class='gallery-wrapper'>    <style type=\"text\/css\">\n\n        @media (min-width: 1023px) {        #colibri-209-c20        dl {\n            float: left;\n            width: 33.333333333333% !important;\n            max-width: 33.333333333333% !important;\n            min-width: 33.333333333333% !important;\n        }\n\n        #colibri-209-c20        dl:nth-of-type(3n +1 ) {\n            clear: both;\n        }\n\n        }@media (min-width: 768px) and (max-width: 1023px) {        #colibri-209-c20        dl {\n            float: left;\n            width: 33.333333333333% !important;\n            max-width: 33.333333333333% !important;\n            min-width: 33.333333333333% !important;\n        }\n\n        #colibri-209-c20        dl:nth-of-type(3n +1 ) {\n            clear: both;\n        }\n\n        }@media (max-width: 767px) {        #colibri-209-c20        dl {\n            float: left;\n            width: 50% !important;\n            max-width: 50% !important;\n            min-width: 50% !important;\n        }\n\n        #colibri-209-c20        dl:nth-of-type(2n +1 ) {\n            clear: both;\n        }\n\n        }\n        #colibri-209-c20        .gallery-item {\n            position: relative;\n        }\n\n        \n    <\/style>\n    <div   class='colibri-209-c20-dls-wrapper gallery-items-wrapper' ><dl class='gallery-item masonry-item'>\n\t\t\t<dt class='gallery-icon landscape'>\n\t\t\t\t<a data-fancybox=\"colibri-209-c20-group\" href='https:\/\/wiedemeier.org\/wp-content\/uploads\/2023\/01\/Tischuntergestelle.png'><img loading=\"lazy\" decoding=\"async\"  width=\"2400\" height=\"1600\" src=\"https:\/\/wiedemeier.org\/wp-content\/uploads\/2023\/01\/Tischuntergestelle.png\"  class='colibri-209-c20-image' alt=\"\" aria-describedby=\"gallery-1-1715\" srcset=\"https:\/\/wiedemeier.org\/wp-content\/uploads\/2023\/01\/Tischuntergestelle.png 2400w, https:\/\/wiedemeier.org\/wp-content\/uploads\/2023\/01\/Tischuntergestelle-300x200.png 300w, https:\/\/wiedemeier.org\/wp-content\/uploads\/2023\/01\/Tischuntergestelle-1024x683.png 1024w, https:\/\/wiedemeier.org\/wp-content\/uploads\/2023\/01\/Tischuntergestelle-768x512.png 768w, https:\/\/wiedemeier.org\/wp-content\/uploads\/2023\/01\/Tischuntergestelle-1536x1024.png 1536w, https:\/\/wiedemeier.org\/wp-content\/uploads\/2023\/01\/Tischuntergestelle-2048x1365.png 2048w\" sizes=\"auto, (max-width: 2400px) 100vw, 2400px\" \/><\/a>\n\t\t\t<\/dt>\n\t\t\t\t<div class=\"gallery-caption__wrapper\"><dd class='wp-caption-text gallery-caption' id='gallery-1-1715'>\n\t\t\t\tNussbaum furniert, Silber lackiert\n\t\t\t\t<\/dd><\/div><\/dl><dl class='gallery-item masonry-item'>\n\t\t\t<dt class='gallery-icon landscape'>\n\t\t\t\t<a data-fancybox=\"colibri-209-c20-group\" href='https:\/\/wiedemeier.org\/wp-content\/uploads\/2022\/09\/cropped-20131126_134506.jpg'><img loading=\"lazy\" decoding=\"async\"  width=\"960\" height=\"960\" src=\"https:\/\/wiedemeier.org\/wp-content\/uploads\/2022\/09\/cropped-20131126_134506.jpg\"  class='colibri-209-c20-image' alt=\"\" srcset=\"https:\/\/wiedemeier.org\/wp-content\/uploads\/2022\/09\/cropped-20131126_134506.jpg 960w, https:\/\/wiedemeier.org\/wp-content\/uploads\/2022\/09\/cropped-20131126_134506-300x300.jpg 300w, https:\/\/wiedemeier.org\/wp-content\/uploads\/2022\/09\/cropped-20131126_134506-150x150.jpg 150w, https:\/\/wiedemeier.org\/wp-content\/uploads\/2022\/09\/cropped-20131126_134506-768x768.jpg 768w\" sizes=\"auto, (max-width: 960px) 100vw, 960px\" \/><\/a>\n\t\t\t<\/dt><\/dl><dl class='gallery-item masonry-item'>\n\t\t\t<dt class='gallery-icon landscape'>\n\t\t\t\t<a data-fancybox=\"colibri-209-c20-group\" href='https:\/\/wiedemeier.org\/wp-content\/uploads\/2022\/09\/P1152024.jpg'><img loading=\"lazy\" decoding=\"async\"  width=\"1280\" height=\"960\" src=\"https:\/\/wiedemeier.org\/wp-content\/uploads\/2022\/09\/P1152024.jpg\"  class='colibri-209-c20-image' alt=\"\" srcset=\"https:\/\/wiedemeier.org\/wp-content\/uploads\/2022\/09\/P1152024.jpg 1280w, https:\/\/wiedemeier.org\/wp-content\/uploads\/2022\/09\/P1152024-300x225.jpg 300w, https:\/\/wiedemeier.org\/wp-content\/uploads\/2022\/09\/P1152024-1024x768.jpg 1024w, https:\/\/wiedemeier.org\/wp-content\/uploads\/2022\/09\/P1152024-768x576.jpg 768w\" sizes=\"auto, (max-width: 1280px) 100vw, 1280px\" \/><\/a>\n\t\t\t<\/dt><\/dl><dl class='gallery-item masonry-item'>\n\t\t\t<dt class='gallery-icon landscape'>\n\t\t\t\t<a data-fancybox=\"colibri-209-c20-group\" href='https:\/\/wiedemeier.org\/wp-content\/uploads\/2022\/09\/DSC06633.jpg'><img loading=\"lazy\" decoding=\"async\"  width=\"1280\" height=\"960\" src=\"https:\/\/wiedemeier.org\/wp-content\/uploads\/2022\/09\/DSC06633.jpg\"  class='colibri-209-c20-image' alt=\"\" srcset=\"https:\/\/wiedemeier.org\/wp-content\/uploads\/2022\/09\/DSC06633.jpg 1280w, https:\/\/wiedemeier.org\/wp-content\/uploads\/2022\/09\/DSC06633-300x225.jpg 300w, https:\/\/wiedemeier.org\/wp-content\/uploads\/2022\/09\/DSC06633-1024x768.jpg 1024w, https:\/\/wiedemeier.org\/wp-content\/uploads\/2022\/09\/DSC06633-768x576.jpg 768w\" sizes=\"auto, (max-width: 1280px) 100vw, 1280px\" \/><\/a>\n\t\t\t<\/dt><\/dl><dl class='gallery-item masonry-item'>\n\t\t\t<dt class='gallery-icon landscape'>\n\t\t\t\t<a data-fancybox=\"colibri-209-c20-group\" href='https:\/\/wiedemeier.org\/wp-content\/uploads\/2023\/01\/DSC06629.jpg'><img loading=\"lazy\" decoding=\"async\"  width=\"910\" height=\"748\" src=\"https:\/\/wiedemeier.org\/wp-content\/uploads\/2023\/01\/DSC06629.jpg\"  class='colibri-209-c20-image' alt=\"\" srcset=\"https:\/\/wiedemeier.org\/wp-content\/uploads\/2023\/01\/DSC06629.jpg 910w, https:\/\/wiedemeier.org\/wp-content\/uploads\/2023\/01\/DSC06629-300x247.jpg 300w, https:\/\/wiedemeier.org\/wp-content\/uploads\/2023\/01\/DSC06629-768x631.jpg 768w\" sizes=\"auto, (max-width: 910px) 100vw, 910px\" \/><\/a>\n\t\t\t<\/dt><\/dl>\n\t\t\t\n\t\t<\/div>\n<style>#colibri-209-c20 .wp-caption-text.gallery-caption{display:none;}<\/style><\/div><\/div>\n                <\/div>\n              <\/div>\n            <\/div>\n          <\/div>\n        <\/div>\n      <\/div>\n    <\/div>\n  <\/div>\n<\/div>","protected":false},"excerpt":{"rendered":"<p>Wir fertigen mit unseren modernen Maschinenpark nicht nur M\u00f6beleinzelteile in kleinen und gro\u00dfen Serien sondern auch Produkte im hochwertigen Bereich. Furnieren, Massivholzzuschnitt wird von uns nach Ihren Vorstellungen durchgef\u00fchrt. Bestellservice zum gew\u00fcnschten Material, f\u00fchren wir gern f\u00fcr unsere Kunden bei erfahrenen Holzh\u00e4ndlern, Platenherstellern und Beschlagunternehmen aus. Bearbeitung Ihrer Teile, k\u00f6nnen wir auf Wunsch in Lohnarbeit [&hellip;]<\/p>\n","protected":false},"author":1,"featured_media":0,"parent":0,"menu_order":0,"comment_status":"closed","ping_status":"closed","template":"page-templates\/full-width-page.php","meta":{"footnotes":""},"class_list":["post-209","page","type-page","status-publish","hentry"],"_links":{"self":[{"href":"https:\/\/wiedemeier.org\/index.php\/wp-json\/wp\/v2\/pages\/209","targetHints":{"allow":["GET"]}}],"collection":[{"href":"https:\/\/wiedemeier.org\/index.php\/wp-json\/wp\/v2\/pages"}],"about":[{"href":"https:\/\/wiedemeier.org\/index.php\/wp-json\/wp\/v2\/types\/page"}],"author":[{"embeddable":true,"href":"https:\/\/wiedemeier.org\/index.php\/wp-json\/wp\/v2\/users\/1"}],"replies":[{"embeddable":true,"href":"https:\/\/wiedemeier.org\/index.php\/wp-json\/wp\/v2\/comments?post=209"}],"version-history":[{"count":15,"href":"https:\/\/wiedemeier.org\/index.php\/wp-json\/wp\/v2\/pages\/209\/revisions"}],"predecessor-version":[{"id":1830,"href":"https:\/\/wiedemeier.org\/index.php\/wp-json\/wp\/v2\/pages\/209\/revisions\/1830"}],"wp:attachment":[{"href":"https:\/\/wiedemeier.org\/index.php\/wp-json\/wp\/v2\/media?parent=209"}],"curies":[{"name":"wp","href":"https:\/\/api.w.org\/{rel}","templated":true}]}}